{"id":14,"date":"2020-10-17T17:16:33","date_gmt":"2020-10-17T20:16:33","guid":{"rendered":"https:\/\/chavesechavesadvogados.adv.br\/?page_id=14"},"modified":"2020-10-18T12:37:19","modified_gmt":"2020-10-18T15:37:19","slug":"areas-de-atuacao","status":"publish","type":"page","link":"https:\/\/chavesechavesadvogados.adv.br\/?page_id=14","title":{"rendered":"\u00c1REAS DE ATUA\u00c7\u00c3O"},"content":{"rendered":"\n<div class=\"wp-block-columns is-layout-flex wp-container-core-columns-is-layout-9d6595d7 wp-block-columns-is-layout-flex\">\n<div class=\"wp-block-column is-layout-flow wp-block-column-is-layout-flow\">\n<p class=\"has-text-align-center\"><strong><u>C\u00edvel:<\/u><\/strong><\/p>\n\n\n\n<p class=\"has-text-align-left\">Advocacia preventiva e contenciosa em Contratos, Rela\u00e7\u00f5es de Consumo, Responsabilidade Civil (a\u00e7\u00f5es indenizat\u00f3rias), Fam\u00edlia e Sucess\u00f5es, Imobili\u00e1rio etc.<\/p>\n<\/div>\n\n\n\n<div class=\"wp-block-column is-layout-flow wp-block-column-is-layout-flow\">\n<p class=\"has-text-align-center\"><strong><u>Previdenci\u00e1ria<\/u><\/strong>:<\/p>\n\n\n\n<p>Advocacia preventiva e contenciosa (administrativo e judicial) em an\u00e1lise e pedidos de aposentadorias (tempo de contribui\u00e7\u00e3o, idade, especial etc.), benef\u00edcios assistenciais, aux\u00edlio-doen\u00e7a, aux\u00edlio-doen\u00e7a acident\u00e1rio, aux\u00edlio acidente, filia\u00e7\u00e3o e inscri\u00e7\u00e3o nos \u00f3rg\u00e3os previdenci\u00e1rios, pedidos de revis\u00e3o em geral.<\/p>\n<\/div>\n<\/div>\n\n\n\n<div class=\"wp-block-columns is-layout-flex wp-container-core-columns-is-layout-9d6595d7 wp-block-columns-is-layout-flex\">\n<div class=\"wp-block-column is-layout-flow wp-block-column-is-layout-flow\">\n<p class=\"has-text-align-center\"><strong><u>Societ\u00e1ria\/Empresarial<\/u><\/strong>:<\/p>\n\n\n\n<p><br>Advocacia preventiva em planejamento, orienta\u00e7\u00e3o \u00e0s decis\u00f5es estrat\u00e9gicas e implementa\u00e7\u00e3o \u00e0s estruturas empresariais e reorganiza\u00e7\u00f5es societ\u00e1rias, negocia\u00e7\u00f5es empresariais, opera\u00e7\u00f5es de aquisi\u00e7\u00e3o de participa\u00e7\u00f5es societ\u00e1rias e de ativos, elabora\u00e7\u00e3o de documentos societ\u00e1rios em geral (contratos e estatutos sociais e suas altera\u00e7\u00f5es, atas de reuni\u00f5es e assembleias, acordo de s\u00f3cios e de acionistas, distratos, documentos de designa\u00e7\u00e3o e destitui\u00e7\u00e3o de administradores etc.), orienta\u00e7\u00e3o na &nbsp;implanta\u00e7\u00e3o de estrutura de governan\u00e7a corporativa para preven\u00e7\u00e3o de conflitos, bem como atua\u00e7\u00e3o contenciosa na \u00e1rea. Revis\u00e3o de contratos e obriga\u00e7\u00f5es, contratos e t\u00edtulos de cr\u00e9dito. &nbsp;<\/p>\n<\/div>\n\n\n\n<div class=\"wp-block-column is-layout-flow wp-block-column-is-layout-flow\">\n<p class=\"has-text-align-center\"><strong><u>Tribut\u00e1ria<\/u><\/strong>:<\/p>\n\n\n\n<p>Servi\u00e7os de consultoria tribut\u00e1ria em an\u00e1lise e orienta\u00e7\u00e3o voltadas \u00e0 tributa\u00e7\u00e3o de empresas, elabora\u00e7\u00e3o e revis\u00e3o de obriga\u00e7\u00f5es acess\u00f3rias, revis\u00e3o fiscal e tribut\u00e1ria visando o aproveitamento de benef\u00edcios fiscais com aproveitamento do contexto legislativo setorial ou regional.<\/p>\n\n\n\n<p>Advocacia contenciosa especializada em todas as esferas e inst\u00e2ncias administrativas, com a possibilidade de acompanhamento e atendimento de fiscaliza\u00e7\u00f5es com a finalidade de minimizar exposi\u00e7\u00f5es fiscais. Regulariza\u00e7\u00e3o fiscal perante as Administra\u00e7\u00f5es Tribut\u00e1rias Federal, Estaduais e Municipais e respectivas Procuradorias.<\/p>\n\n\n\n<p>Advocacia contenciosa tribut\u00e1ria na esfera judicial visando a gest\u00e3o de riscos e estrat\u00e9gias processuais.&nbsp;<\/p>\n<\/div>\n<\/div>\n\n\n\n<div class=\"wp-block-columns is-layout-flex wp-container-core-columns-is-layout-9d6595d7 wp-block-columns-is-layout-flex\">\n<div class=\"wp-block-column is-layout-flow wp-block-column-is-layout-flow\">\n<p class=\"has-text-align-center\"><strong><u>Trabalhista<\/u><\/strong>:<\/p>\n\n\n\n<p>Advocacia consultiva e contenciosa (judicial e administrativa), elabora\u00e7\u00e3o e gest\u00e3o de contratos (trabalho, presta\u00e7\u00e3o de servi\u00e7os, representa\u00e7\u00e3o comercial, confidencialidade etc.), negocia\u00e7\u00e3o coletiva e Direito Sindical, projetos e planejamentos de estrutura\u00e7\u00e3o e reestrutura\u00e7\u00e3o de sal\u00e1rios e benef\u00edcios, contrata\u00e7\u00f5es de fornecedores terceirizados e representantes.<\/p>\n<\/div>\n\n\n\n<div class=\"wp-block-column is-layout-flow wp-block-column-is-layout-flow\">\n<p class=\"has-text-align-center\"><strong><u>Direito Administrativo<\/u><\/strong><strong><\/strong><\/p>\n\n\n\n<p>Assessoria especializada em diversos ramos do Direito Administrativo, tais como, contratos administrativos, defesa dos direitos e interesses de servidores p\u00fablicos, atua\u00e7\u00e3o no Direito Administrativo Sancionador em processos administrativos disciplinares (funcionais ou \u00e9ticos), Inqu\u00e9ritos Civis P\u00fablicos e A\u00e7\u00f5es Civis P\u00fablicas relacionadas \u00e0 improbidade administrativa, entre outros. Atua\u00e7\u00e3o firme e competente em Licita\u00e7\u00f5es P\u00fablicas em geral, com assessoria na elabora\u00e7\u00e3o, acompanhamento e impugna\u00e7\u00f5es de editais licitat\u00f3rios, bem como participa\u00e7\u00e3o certames presenciais ou eletr\u00f4nicos.<\/p>\n<\/div>\n<\/div>\n","protected":false},"excerpt":{"rendered":"<p>C\u00edvel: Advocacia preventiva e contenciosa em Contratos, Rela\u00e7\u00f5es de Consumo, Responsabilidade Civil (a\u00e7\u00f5es indenizat\u00f3rias), Fam\u00edlia e Sucess\u00f5es, Imobili\u00e1rio etc. Previdenci\u00e1ria: Advocacia preventiva e contenciosa (administrativo e judicial) em an\u00e1lise e pedidos de aposentadorias (tempo de contribui\u00e7\u00e3o, idade, especial etc.), benef\u00edcios assistenciais, aux\u00edlio-doen\u00e7a, aux\u00edlio-doen\u00e7a acident\u00e1rio, aux\u00edlio acidente, filia\u00e7\u00e3o e inscri\u00e7\u00e3o nos \u00f3rg\u00e3os previdenci\u00e1rios, pedidos de revis\u00e3o [&hellip;]<\/p>\n","protected":false},"author":1,"featured_media":0,"parent":0,"menu_order":2,"comment_status":"closed","ping_status":"closed","template":"general-template.php","meta":{"footnotes":""},"class_list":["post-14","page","type-page","status-publish","hentry"],"yoast_head":"<!-- This site is optimized with the Yoast SEO plugin v15.8 - https:\/\/yoast.com\/wordpress\/plugins\/seo\/ -->\n<title>\u00c1REAS DE ATUA\u00c7\u00c3O - Chaves e Chaves Advogados<\/title>\n<meta name=\"robots\" content=\"index, follow, max-snippet:-1, max-image-preview:large, max-video-preview:-1\" \/>\n<link rel=\"canonical\" href=\"https:\/\/chavesechavesadvogados.adv.br\/?page_id=14\" \/>\n<meta property=\"og:locale\" content=\"pt_BR\" \/>\n<meta property=\"og:type\" content=\"article\" \/>\n<meta property=\"og:title\" content=\"\u00c1REAS DE ATUA\u00c7\u00c3O - Chaves e Chaves Advogados\" \/>\n<meta property=\"og:description\" content=\"C\u00edvel: Advocacia preventiva e contenciosa em Contratos, Rela\u00e7\u00f5es de Consumo, Responsabilidade Civil (a\u00e7\u00f5es indenizat\u00f3rias), Fam\u00edlia e Sucess\u00f5es, Imobili\u00e1rio etc. Previdenci\u00e1ria: Advocacia preventiva e contenciosa (administrativo e judicial) em an\u00e1lise e pedidos de aposentadorias (tempo de contribui\u00e7\u00e3o, idade, especial etc.), benef\u00edcios assistenciais, aux\u00edlio-doen\u00e7a, aux\u00edlio-doen\u00e7a acident\u00e1rio, aux\u00edlio acidente, filia\u00e7\u00e3o e inscri\u00e7\u00e3o nos \u00f3rg\u00e3os previdenci\u00e1rios, pedidos de revis\u00e3o [&hellip;]\" \/>\n<meta property=\"og:url\" content=\"https:\/\/chavesechavesadvogados.adv.br\/?page_id=14\" \/>\n<meta property=\"og:site_name\" content=\"Chaves e Chaves Advogados\" \/>\n<meta property=\"article:modified_time\" content=\"2020-10-18T15:37:19+00:00\" \/>\n<meta name=\"twitter:card\" content=\"summary_large_image\" \/>\n<meta name=\"twitter:label1\" content=\"Est. reading time\">\n\t<meta name=\"twitter:data1\" content=\"2 minutos\">\n<script type=\"application\/ld+json\" class=\"yoast-schema-graph\">{\"@context\":\"https:\/\/schema.org\",\"@graph\":[{\"@type\":\"WebSite\",\"@id\":\"https:\/\/chavesechavesadvogados.adv.br\/#website\",\"url\":\"https:\/\/chavesechavesadvogados.adv.br\/\",\"name\":\"Chaves e Chaves Advogados\",\"description\":\"S\\u00f3 mais um site WordPress\",\"potentialAction\":[{\"@type\":\"SearchAction\",\"target\":\"https:\/\/chavesechavesadvogados.adv.br\/?s={search_term_string}\",\"query-input\":\"required name=search_term_string\"}],\"inLanguage\":\"pt-BR\"},{\"@type\":\"WebPage\",\"@id\":\"https:\/\/chavesechavesadvogados.adv.br\/?page_id=14#webpage\",\"url\":\"https:\/\/chavesechavesadvogados.adv.br\/?page_id=14\",\"name\":\"\\u00c1REAS DE ATUA\\u00c7\\u00c3O - Chaves e Chaves Advogados\",\"isPartOf\":{\"@id\":\"https:\/\/chavesechavesadvogados.adv.br\/#website\"},\"datePublished\":\"2020-10-17T20:16:33+00:00\",\"dateModified\":\"2020-10-18T15:37:19+00:00\",\"breadcrumb\":{\"@id\":\"https:\/\/chavesechavesadvogados.adv.br\/?page_id=14#breadcrumb\"},\"inLanguage\":\"pt-BR\",\"potentialAction\":[{\"@type\":\"ReadAction\",\"target\":[\"https:\/\/chavesechavesadvogados.adv.br\/?page_id=14\"]}]},{\"@type\":\"BreadcrumbList\",\"@id\":\"https:\/\/chavesechavesadvogados.adv.br\/?page_id=14#breadcrumb\",\"itemListElement\":[{\"@type\":\"ListItem\",\"position\":1,\"item\":{\"@type\":\"WebPage\",\"@id\":\"https:\/\/chavesechavesadvogados.adv.br\/\",\"url\":\"https:\/\/chavesechavesadvogados.adv.br\/\",\"name\":\"Home\"}},{\"@type\":\"ListItem\",\"position\":2,\"item\":{\"@type\":\"WebPage\",\"@id\":\"https:\/\/chavesechavesadvogados.adv.br\/?page_id=14\",\"url\":\"https:\/\/chavesechavesadvogados.adv.br\/?page_id=14\",\"name\":\"\\u00c1REAS DE ATUA\\u00c7\\u00c3O\"}}]}]}<\/script>\n<!-- \/ Yoast SEO plugin. -->","_links":{"self":[{"href":"https:\/\/chavesechavesadvogados.adv.br\/index.php?rest_route=\/wp\/v2\/pages\/14","targetHints":{"allow":["GET"]}}],"collection":[{"href":"https:\/\/chavesechavesadvogados.adv.br\/index.php?rest_route=\/wp\/v2\/pages"}],"about":[{"href":"https:\/\/chavesechavesadvogados.adv.br\/index.php?rest_route=\/wp\/v2\/types\/page"}],"author":[{"embeddable":true,"href":"https:\/\/chavesechavesadvogados.adv.br\/index.php?rest_route=\/wp\/v2\/users\/1"}],"replies":[{"embeddable":true,"href":"https:\/\/chavesechavesadvogados.adv.br\/index.php?rest_route=%2Fwp%2Fv2%2Fcomments&post=14"}],"version-history":[{"count":3,"href":"https:\/\/chavesechavesadvogados.adv.br\/index.php?rest_route=\/wp\/v2\/pages\/14\/revisions"}],"predecessor-version":[{"id":74,"href":"https:\/\/chavesechavesadvogados.adv.br\/index.php?rest_route=\/wp\/v2\/pages\/14\/revisions\/74"}],"wp:attachment":[{"href":"https:\/\/chavesechavesadvogados.adv.br\/index.php?rest_route=%2Fwp%2Fv2%2Fmedia&parent=14"}],"curies":[{"name":"wp","href":"https:\/\/api.w.org\/{rel}","templated":true}]}}