{"id":11,"date":"2020-10-17T17:14:12","date_gmt":"2020-10-17T20:14:12","guid":{"rendered":"https:\/\/chavesechavesadvogados.adv.br\/?page_id=11"},"modified":"2022-10-19T09:28:35","modified_gmt":"2022-10-19T12:28:35","slug":"home","status":"publish","type":"page","link":"https:\/\/chavesechavesadvogados.adv.br\/","title":{"rendered":"Home"},"content":{"rendered":"<div id=\"demo\" class=\"carousel slide\" data-ride=\"carousel\">\n<p><!-- Indicators --><\/p>\n<ul class=\"carousel-indicators\">\n<li class=\"active\" data-target=\"#demo\" data-slide-to=\"0\">\u00a0<\/li>\n<li data-target=\"#demo\" data-slide-to=\"1\">\u00a0<\/li>\n<li data-target=\"#demo\" data-slide-to=\"2\">\u00a0<\/li>\n<\/ul>\n<p><!-- The slideshow --><\/p>\n<div class=\"carousel-inner\">\n<div class=\"carousel-item active\"><img decoding=\"async\" class=\"img-fluid\" src=\"https:\/\/chavesechavesadvogados.adv.br\/wp-content\/uploads\/2020\/10\/skyscraper-1149478_1920-e1603017569325.jpg\" alt=\"Los Angeles\" \/><\/div>\n<div class=\"carousel-item\"><img decoding=\"async\" class=\"img-fluid\" src=\"https:\/\/chavesechavesadvogados.adv.br\/wp-content\/uploads\/2020\/10\/30458-scaled-e1603017982321.jpg\" alt=\"Chicago\" \/><\/div>\n<div class=\"carousel-item\"><img decoding=\"async\" class=\"img-fluid\" src=\"https:\/\/chavesechavesadvogados.adv.br\/wp-content\/uploads\/2020\/10\/pexels-philipp-birmes-830891-scaled-e1603017657492.jpg\" alt=\"New York\" \/><\/div>\n<p>\u00a0<\/p>\n<\/div>\n<p><!-- Left and right controls --><br \/><br \/><\/p>\n<\/div>\n\n\n<div class=\"alert alert-danger\" role=\"alert\">\n<p><strong><p style=\"text-align: center;\">A L E R T A ! ! !<\/p>CHAVES E CHAVES SOCIEDADE DE ADVOGADOS informa que criminosos est\u00e3o usando o nome do escrit\u00f3rio e seus advogados para aplicar golpes.<br>Em hip\u00f3tese alguma realize qualquer tipo de pagamento, transfer\u00eancia ou pix para que seja providenciada a libera\u00e7\u00e3o de cr\u00e9ditos de seu processo.<br>Em caso de d\u00favidas entre em contato pelos telefones: (11) 3654-4634 ou (11) 2801-9713.<\/strong><\/p>\n<\/div>\n\n\n\n<p><\/p>\n\n\n\n<p><strong><u>APRESENTA\u00c7\u00c3O<\/u><\/strong><\/p>\n\n\n\n<p>Com atua\u00e7\u00e3o desde o ano de 2003, o <strong>Chaves e Chaves <\/strong>Sociedade de Advogados \u00e9 um dos escrit\u00f3rios de advocacia mais respeitados da regi\u00e3o e do estado de S\u00e3o Paulo, visando prestar servi\u00e7os legais especializados, com excel\u00eancia e valores \u00e9ticos, defendendo direitos e prevenindo conflitos, proporcionando resultados positivos aos nossos clientes, com seguran\u00e7a.<\/p>\n\n\n<div class=\"wp-block-image\">\n<figure class=\"alignleft size-large is-resized\"><img loading=\"lazy\" decoding=\"async\" src=\"https:\/\/chavesechavesadvogados.adv.br\/wp-content\/uploads\/2020\/10\/writing-1149962_1920-1-1024x683.jpg\" alt=\"\" class=\"wp-image-57\" width=\"198\" height=\"131\" srcset=\"https:\/\/chavesechavesadvogados.adv.br\/wp-content\/uploads\/2020\/10\/writing-1149962_1920-1-1024x683.jpg 1024w, https:\/\/chavesechavesadvogados.adv.br\/wp-content\/uploads\/2020\/10\/writing-1149962_1920-1-300x200.jpg 300w, https:\/\/chavesechavesadvogados.adv.br\/wp-content\/uploads\/2020\/10\/writing-1149962_1920-1-768x512.jpg 768w, https:\/\/chavesechavesadvogados.adv.br\/wp-content\/uploads\/2020\/10\/writing-1149962_1920-1-1536x1025.jpg 1536w, https:\/\/chavesechavesadvogados.adv.br\/wp-content\/uploads\/2020\/10\/writing-1149962_1920-1.jpg 1920w\" sizes=\"auto, (max-width: 198px) 100vw, 198px\" \/><\/figure>\n<\/div>\n\n\n<p>Estamos instalados e estruturados para apoiar nossos clientes numa abordagem integrada voltada \u00e0s suas necessidades de cada projeto espec\u00edfico.<\/p>\n\n\n\n<p>Al\u00e9m da atua\u00e7\u00e3o no contencioso, consultivo e administrativo, auxiliamos os nossos clientes no desenvolvimento de novos neg\u00f3cios, com treinamentos especializados.<\/p>\n\n\n\n<p>Nossa equipe \u00e9 competente e capacitada, sempre pronta e dispon\u00edvel para promover seguran\u00e7a na tomada de decis\u00e3o dos nossos clientes nas \u00e1reas da nossa atua\u00e7\u00e3o.<\/p>\n\n\n\n<p>Em raz\u00e3o da nossa firme atua\u00e7\u00e3o profissional, contamos com representantes nas mais importantes cidades do Brasil, proporcionando aos nossos clientes um atendimento global e customizado, de acordo com as necessidades de seu neg\u00f3cio.<\/p>\n","protected":false},"excerpt":{"rendered":"<p>\u00a0 \u00a0 \u00a0 \u00a0 A L E R T A ! ! ! CHAVES E CHAVES SOCIEDADE DE ADVOGADOS informa que criminosos est\u00e3o usando o nome do escrit\u00f3rio e seus advogados para aplicar golpes.Em hip\u00f3tese alguma realize qualquer tipo de pagamento, transfer\u00eancia ou pix para que seja providenciada a libera\u00e7\u00e3o de cr\u00e9ditos de seu processo.Em [&hellip;]<\/p>\n","protected":false},"author":1,"featured_media":0,"parent":0,"menu_order":0,"comment_status":"closed","ping_status":"closed","template":"general-template.php","meta":{"footnotes":""},"class_list":["post-11","page","type-page","status-publish","hentry"],"yoast_head":"<!-- This site is optimized with the Yoast SEO plugin v15.8 - https:\/\/yoast.com\/wordpress\/plugins\/seo\/ -->\n<title>Home - Chaves e Chaves Advogados<\/title>\n<meta name=\"robots\" content=\"index, follow, max-snippet:-1, max-image-preview:large, max-video-preview:-1\" \/>\n<link rel=\"canonical\" href=\"https:\/\/chavesechavesadvogados.adv.br\/\" \/>\n<meta property=\"og:locale\" content=\"pt_BR\" \/>\n<meta property=\"og:type\" content=\"article\" \/>\n<meta property=\"og:title\" content=\"Home - Chaves e Chaves Advogados\" \/>\n<meta property=\"og:description\" content=\"\u00a0 \u00a0 \u00a0 \u00a0 A L E R T A ! ! ! CHAVES E CHAVES SOCIEDADE DE ADVOGADOS informa que criminosos est\u00e3o usando o nome do escrit\u00f3rio e seus advogados para aplicar golpes.Em hip\u00f3tese alguma realize qualquer tipo de pagamento, transfer\u00eancia ou pix para que seja providenciada a libera\u00e7\u00e3o de cr\u00e9ditos de seu processo.Em [&hellip;]\" \/>\n<meta property=\"og:url\" content=\"https:\/\/chavesechavesadvogados.adv.br\/\" \/>\n<meta property=\"og:site_name\" content=\"Chaves e Chaves Advogados\" \/>\n<meta property=\"article:modified_time\" content=\"2022-10-19T12:28:35+00:00\" \/>\n<meta property=\"og:image\" content=\"https:\/\/chavesechavesadvogados.adv.br\/wp-content\/uploads\/2020\/10\/skyscraper-1149478_1920-e1603017569325.jpg\" \/>\n<meta name=\"twitter:card\" content=\"summary_large_image\" \/>\n<meta name=\"twitter:label1\" content=\"Est. reading time\">\n\t<meta name=\"twitter:data1\" content=\"2 minutos\">\n<script type=\"application\/ld+json\" class=\"yoast-schema-graph\">{\"@context\":\"https:\/\/schema.org\",\"@graph\":[{\"@type\":\"WebSite\",\"@id\":\"https:\/\/chavesechavesadvogados.adv.br\/#website\",\"url\":\"https:\/\/chavesechavesadvogados.adv.br\/\",\"name\":\"Chaves e Chaves Advogados\",\"description\":\"S\\u00f3 mais um site WordPress\",\"potentialAction\":[{\"@type\":\"SearchAction\",\"target\":\"https:\/\/chavesechavesadvogados.adv.br\/?s={search_term_string}\",\"query-input\":\"required name=search_term_string\"}],\"inLanguage\":\"pt-BR\"},{\"@type\":\"ImageObject\",\"@id\":\"https:\/\/chavesechavesadvogados.adv.br\/#primaryimage\",\"inLanguage\":\"pt-BR\",\"url\":\"https:\/\/chavesechavesadvogados.adv.br\/wp-content\/uploads\/2020\/10\/skyscraper-1149478_1920-e1603017569325.jpg\",\"width\":1900,\"height\":398},{\"@type\":\"WebPage\",\"@id\":\"https:\/\/chavesechavesadvogados.adv.br\/#webpage\",\"url\":\"https:\/\/chavesechavesadvogados.adv.br\/\",\"name\":\"Home - Chaves e Chaves Advogados\",\"isPartOf\":{\"@id\":\"https:\/\/chavesechavesadvogados.adv.br\/#website\"},\"primaryImageOfPage\":{\"@id\":\"https:\/\/chavesechavesadvogados.adv.br\/#primaryimage\"},\"datePublished\":\"2020-10-17T20:14:12+00:00\",\"dateModified\":\"2022-10-19T12:28:35+00:00\",\"breadcrumb\":{\"@id\":\"https:\/\/chavesechavesadvogados.adv.br\/#breadcrumb\"},\"inLanguage\":\"pt-BR\",\"potentialAction\":[{\"@type\":\"ReadAction\",\"target\":[\"https:\/\/chavesechavesadvogados.adv.br\/\"]}]},{\"@type\":\"BreadcrumbList\",\"@id\":\"https:\/\/chavesechavesadvogados.adv.br\/#breadcrumb\",\"itemListElement\":[{\"@type\":\"ListItem\",\"position\":1,\"item\":{\"@type\":\"WebPage\",\"@id\":\"https:\/\/chavesechavesadvogados.adv.br\/\",\"url\":\"https:\/\/chavesechavesadvogados.adv.br\/\",\"name\":\"Home\"}},{\"@type\":\"ListItem\",\"position\":2,\"item\":{\"@type\":\"WebPage\",\"@id\":\"https:\/\/chavesechavesadvogados.adv.br\/\",\"url\":\"https:\/\/chavesechavesadvogados.adv.br\/\",\"name\":\"Home\"}}]}]}<\/script>\n<!-- \/ Yoast SEO plugin. -->","_links":{"self":[{"href":"https:\/\/chavesechavesadvogados.adv.br\/index.php?rest_route=\/wp\/v2\/pages\/11","targetHints":{"allow":["GET"]}}],"collection":[{"href":"https:\/\/chavesechavesadvogados.adv.br\/index.php?rest_route=\/wp\/v2\/pages"}],"about":[{"href":"https:\/\/chavesechavesadvogados.adv.br\/index.php?rest_route=\/wp\/v2\/types\/page"}],"author":[{"embeddable":true,"href":"https:\/\/chavesechavesadvogados.adv.br\/index.php?rest_route=\/wp\/v2\/users\/1"}],"replies":[{"embeddable":true,"href":"https:\/\/chavesechavesadvogados.adv.br\/index.php?rest_route=%2Fwp%2Fv2%2Fcomments&post=11"}],"version-history":[{"count":19,"href":"https:\/\/chavesechavesadvogados.adv.br\/index.php?rest_route=\/wp\/v2\/pages\/11\/revisions"}],"predecessor-version":[{"id":255,"href":"https:\/\/chavesechavesadvogados.adv.br\/index.php?rest_route=\/wp\/v2\/pages\/11\/revisions\/255"}],"wp:attachment":[{"href":"https:\/\/chavesechavesadvogados.adv.br\/index.php?rest_route=%2Fwp%2Fv2%2Fmedia&parent=11"}],"curies":[{"name":"wp","href":"https:\/\/api.w.org\/{rel}","templated":true}]}}